{"id":10240,"date":"2026-04-11T06:57:49","date_gmt":"2026-04-11T06:57:49","guid":{"rendered":"https:\/\/damao-tech.com\/"},"modified":"2026-04-11T06:57:50","modified_gmt":"2026-04-11T06:57:50","slug":"mascarilla-desechable-de-respirador-de-particulas-n95","status":"publish","type":"product","link":"https:\/\/damao-tech.com\/es\/product\/mascarilla-desechable-de-respirador-de-particulas-n95\/","title":{"rendered":"Mascarilla Respiradora Particulada N95 Desechable"},"content":{"rendered":"<div style=\"display:grid; grid-template-columns:repeat(2,minmax(0,1fr)); gap:16px; align-items:stretch; width:100%;\">\n<section style=\"grid-column:1 \/ -1; padding:22px; border-radius:18px; background:#f5f5f7;\">\n<p style=\"margin:0 0 10px 0; color:#6b7280; letter-spacing:0.08em; text-transform:uppercase;\">Damao<\/p>\n<h2 style=\"margin:0 0 12px 0; color:#111827;\">Mascarilla Respiradora Particulada N95 Desechable<\/h2>\n<p style=\"margin:0 0 12px 0; color:#4b5563;\">Introducci\u00f3n Cuando se trata de protecci\u00f3n respiratoria, las Mascarillas Desechables N95 son un cambio de juego.<\/p>\n<p style=\"margin:0 0 12px 0; color:#4b5563;\">Esto las hace ideales para su uso en entornos m\u00e9dicos, sitios de construcci\u00f3n y otras \u00e1reas de alto riesgo.<\/p>\n<\/section>\n<section style=\"grid-column:span 1; padding:20px; border-radius:18px; background:#f5f5f7;\">\n<h3 style=\"margin:0 0 12px 0; color:#111827;\">Por qu\u00e9 los Compradores Eligen Esto<\/h3>\n<ul style=\"margin:0; padding-left:18px; display:grid; gap:10px; color:#4b5563;\">\n<li style=\"margin:0; padding:0;\">Estructura respirable para un uso m\u00e1s c\u00f3modo<\/li>\n<li style=\"margin:0; padding:0;\">Posicionamiento protector claro para uso diario y en el lugar de trabajo<\/li>\n<\/ul>\n<\/section>\n<section style=\"padding:20px; border-radius:18px; background:#f5f5f7;\">\n<h3 style=\"margin:0 0 12px 0; color:#111827;\">Mejor Ajuste<\/h3>\n<ul style=\"margin:0; padding-left:18px; display:grid; gap:10px; color:#4b5563;\">\n<li style=\"margin:0; padding:0;\">Inspecci\u00f3n m\u00e9dica<\/li>\n<li style=\"margin:0; padding:0;\">Uso diario<\/li>\n<li style=\"margin:0; padding:0;\">Lugares de trabajo<\/li>\n<li style=\"margin:0; padding:0;\">Ambientes de contacto p\u00fablico<\/li>\n<\/ul>\n<\/section>\n<section style=\"padding:20px; border-radius:18px; background:#f5f5f7;\">\n<h3 style=\"margin:0 0 12px 0; color:#111827;\">Especificaciones R\u00e1pidas<\/h3>\n<ul style=\"margin:0; padding:0; list-style:none; display:grid; grid-template-columns:repeat(2,minmax(0,1fr)); gap:10px; align-items:stretch;\">\n<li style=\"margin:0; padding:10px 12px; border-radius:14px; background:#f5f5f7; min-height:56px; display:flex; align-items:flex-start;\">Presentaci\u00f3n de la marca Damao<\/li>\n<li style=\"margin:0; padding:10px 12px; border-radius:14px; background:#f5f5f7; min-height:56px; display:flex; align-items:flex-start;\">Formateo listo para mayoristas<\/li>\n<li style=\"margin:0; padding:10px 12px; border-radius:14px; background:#f5f5f7; min-height:56px; display:flex; align-items:flex-start;\">Dise\u00f1o estructurado del producto<\/li>\n<\/ul>\n<\/section>\n<section style=\"grid-column:span 1; padding:20px; border:1px solid #dbe4f0; border-radius:16px; background:linear-gradient(135deg,#f7f9fc 0%,#eef3f8 100%);\">\n<h3 style=\"margin:0 0 12px 0; color:#111827;\">Mayorista y OEM<\/h3>\n<p style=\"margin:0; color:#4b5563;\">Damao presenta este producto con una estructura m\u00e1s clara orientada al comprador, mientras que apoya pedidos en grandes cantidades, comunicaci\u00f3n espec\u00edfica del sector para equipos de abastecimiento que desean una experiencia de p\u00e1gina m\u00e1s limpia y premium.<\/p>\n<\/section>\n<\/div>","protected":false},"excerpt":{"rendered":"<p><strong>Mascarilla Respiradora Particulada N95 Desechable<\/strong> por Damao, dise\u00f1ada para el uso diario, en el lugar de trabajo y protecci\u00f3n general con protecci\u00f3n desechable respirable. Soporte de mayorista y OEM disponible.<\/p>","protected":false},"featured_media":1469,"comment_status":"open","ping_status":"closed","template":"","meta":[],"product_brand":[835],"product_cat":[396],"product_tag":[],"class_list":{"0":"post-10240","1":"product","2":"type-product","3":"status-publish","4":"has-post-thumbnail","6":"product_brand-damao","7":"product_cat-face-mask","8":"sales-flash-overlay","9":"woocommerce-text-align-center","10":"woocommerce-image-align-center","11":"do-quantity-buttons","12":"wc-has-gallery","14":"first","15":"instock","16":"shipping-taxable","17":"product-type-simple"},"_links":{"self":[{"href":"https:\/\/damao-tech.com\/es\/wp-json\/wp\/v2\/product\/10240","targetHints":{"allow":["GET"]}}],"collection":[{"href":"https:\/\/damao-tech.com\/es\/wp-json\/wp\/v2\/product"}],"about":[{"href":"https:\/\/damao-tech.com\/es\/wp-json\/wp\/v2\/types\/product"}],"replies":[{"embeddable":true,"href":"https:\/\/damao-tech.com\/es\/wp-json\/wp\/v2\/comments?post=10240"}],"wp:featuredmedia":[{"embeddable":true,"href":"https:\/\/damao-tech.com\/es\/wp-json\/wp\/v2\/media\/1469"}],"wp:attachment":[{"href":"https:\/\/damao-tech.com\/es\/wp-json\/wp\/v2\/media?parent=10240"}],"wp:term":[{"taxonomy":"product_brand","embeddable":true,"href":"https:\/\/damao-tech.com\/es\/wp-json\/wp\/v2\/product_brand?post=10240"},{"taxonomy":"product_cat","embeddable":true,"href":"https:\/\/damao-tech.com\/es\/wp-json\/wp\/v2\/product_cat?post=10240"},{"taxonomy":"product_tag","embeddable":true,"href":"https:\/\/damao-tech.com\/es\/wp-json\/wp\/v2\/product_tag?post=10240"}],"curies":[{"name":"wp","href":"https:\/\/api.w.org\/{rel}","templated":true}]}}