{"id":10242,"date":"2026-04-11T06:57:49","date_gmt":"2026-04-11T06:57:49","guid":{"rendered":"https:\/\/damao-tech.com\/"},"modified":"2026-04-11T06:57:50","modified_gmt":"2026-04-11T06:57:50","slug":"masque-respiratoire-ffp2-a-filtration-5-couches","status":"publish","type":"product","link":"https:\/\/damao-tech.com\/fr\/product\/masque-respiratoire-ffp2-a-filtration-5-couches\/","title":{"rendered":"Masque respiratoire FFP2 \u00e0 filtration 5 couches"},"content":{"rendered":"<div style=\"display:grid; grid-template-columns:repeat(2,minmax(0,1fr)); gap:16px; align-items:stretch; width:100%;\">\n<section style=\"grid-column:1 \/ -1; padding:22px; border-radius:18px; background:#f5f5f7;\">\n<p style=\"margin:0 0 10px 0; color:#6b7280; letter-spacing:0.08em; text-transform:uppercase;\">Damao<\/p>\n<h2 style=\"margin:0 0 12px 0; color:#111827;\">Masque respiratoire FFP2 \u00e0 filtration 5 couches<\/h2>\n<p style=\"margin:0 0 12px 0; color:#4b5563;\">Masque facial respiratoire FFP2 de haute qualit\u00e9, demi-masque de filtration de classe Respiratoire FFP2, non r\u00e9utilisable (NR).<\/p>\n<p style=\"margin:0 0 12px 0; color:#4b5563;\">Coupe anatomique pour un confort de port optimal et une protection maximale gr\u00e2ce \u00e0 de tr\u00e8s faibles fuites.<\/p>\n<\/section>\n<section style=\"grid-column:span 1; padding:20px; border-radius:18px; background:#f5f5f7;\">\n<h3 style=\"margin:0 0 12px 0; color:#111827;\">Pourquoi les Acheteurs Le Choisent<\/h3>\n<ul style=\"margin:0; padding-left:18px; display:grid; gap:10px; color:#4b5563;\">\n<li style=\"margin:0; padding:0;\">Confort flexible qui soutient une meilleure sensibilit\u00e9 au toucher<\/li>\n<li style=\"margin:0; padding:0;\">Structure respirante pour un port plus confortable<\/li>\n<li style=\"margin:0; padding:0;\">Positionnement protecteur clair pour une utilisation quotidienne et sur le lieu de travail<\/li>\n<\/ul>\n<\/section>\n<section style=\"padding:20px; border-radius:18px; background:#f5f5f7;\">\n<h3 style=\"margin:0 0 12px 0; color:#111827;\">Meilleure Correspondance<\/h3>\n<ul style=\"margin:0; padding-left:18px; display:grid; gap:10px; color:#4b5563;\">\n<li style=\"margin:0; padding:0;\">Inspection m\u00e9dicale<\/li>\n<li style=\"margin:0; padding:0;\">Port quotidien<\/li>\n<li style=\"margin:0; padding:0;\">Lieux de travail<\/li>\n<li style=\"margin:0; padding:0;\">Environnements publics<\/li>\n<\/ul>\n<\/section>\n<section style=\"padding:20px; border-radius:18px; background:#f5f5f7;\">\n<h3 style=\"margin:0 0 12px 0; color:#111827;\">Sp\u00e9cifications Rapides<\/h3>\n<ul style=\"margin:0; padding:0; list-style:none; display:grid; grid-template-columns:repeat(2,minmax(0,1fr)); gap:10px; align-items:stretch;\">\n<li style=\"margin:0; padding:10px 12px; border-radius:14px; background:#f5f5f7; min-height:56px; display:flex; align-items:flex-start;\">Pr\u00e9sentation de la marque Damao<\/li>\n<li style=\"margin:0; padding:10px 12px; border-radius:14px; background:#f5f5f7; min-height:56px; display:flex; align-items:flex-start;\">Formatage pr\u00eat \u00e0 l'envoi en gros<\/li>\n<li style=\"margin:0; padding:10px 12px; border-radius:14px; background:#f5f5f7; min-height:56px; display:flex; align-items:flex-start;\">Agencement structur\u00e9 du produit<\/li>\n<\/ul>\n<\/section>\n<section style=\"grid-column:span 1; padding:20px; border:1px solid #dbe4f0; border-radius:16px; background:linear-gradient(135deg,#f7f9fc 0%,#eef3f8 100%);\">\n<h3 style=\"margin:0 0 12px 0; color:#111827;\">Gros et OEM<\/h3>\n<p style=\"margin:0; color:#4b5563;\">Damao pr\u00e9sente ce produit avec une structure d'acheteur plus claire tout en soutenant la communication de fourniture sp\u00e9cifique au secteur pour les \u00e9quipes de sourcing qui souhaitent une page plus propre et de meilleure qualit\u00e9.<\/p>\n<\/section>\n<\/div>","protected":false},"excerpt":{"rendered":"<p><strong>Masque respiratoire FFP2 \u00e0 filtration 5 couches<\/strong> con\u00e7u par Damao pour une utilisation quotidienne, sur le lieu de travail et une protection g\u00e9n\u00e9rale avec une protection jetable respirante. Support en gros et OEM disponible.<\/p>","protected":false},"featured_media":1668,"comment_status":"closed","ping_status":"closed","template":"","meta":[],"product_brand":[835],"product_cat":[396],"product_tag":[],"class_list":{"0":"post-10242","1":"product","2":"type-product","3":"status-publish","4":"has-post-thumbnail","6":"product_brand-damao","7":"product_cat-face-mask","8":"sales-flash-overlay","9":"woocommerce-text-align-center","10":"woocommerce-image-align-center","11":"do-quantity-buttons","12":"wc-has-gallery","14":"first","15":"outofstock","16":"shipping-taxable","17":"product-type-simple"},"_links":{"self":[{"href":"https:\/\/damao-tech.com\/fr\/wp-json\/wp\/v2\/product\/10242","targetHints":{"allow":["GET"]}}],"collection":[{"href":"https:\/\/damao-tech.com\/fr\/wp-json\/wp\/v2\/product"}],"about":[{"href":"https:\/\/damao-tech.com\/fr\/wp-json\/wp\/v2\/types\/product"}],"replies":[{"embeddable":true,"href":"https:\/\/damao-tech.com\/fr\/wp-json\/wp\/v2\/comments?post=10242"}],"wp:featuredmedia":[{"embeddable":true,"href":"https:\/\/damao-tech.com\/fr\/wp-json\/wp\/v2\/media\/1668"}],"wp:attachment":[{"href":"https:\/\/damao-tech.com\/fr\/wp-json\/wp\/v2\/media?parent=10242"}],"wp:term":[{"taxonomy":"product_brand","embeddable":true,"href":"https:\/\/damao-tech.com\/fr\/wp-json\/wp\/v2\/product_brand?post=10242"},{"taxonomy":"product_cat","embeddable":true,"href":"https:\/\/damao-tech.com\/fr\/wp-json\/wp\/v2\/product_cat?post=10242"},{"taxonomy":"product_tag","embeddable":true,"href":"https:\/\/damao-tech.com\/fr\/wp-json\/wp\/v2\/product_tag?post=10242"}],"curies":[{"name":"wp","href":"https:\/\/api.w.org\/{rel}","templated":true}]}}