{"id":10219,"date":"2026-04-11T06:57:44","date_gmt":"2026-04-11T06:57:44","guid":{"rendered":"https:\/\/damao-tech.com\/"},"modified":"2026-04-11T06:57:46","modified_gmt":"2026-04-11T06:57:46","slug":"luvas-descartaveis-biodegradaveis-ecologicas-seguras-para-alimentos","status":"publish","type":"product","link":"https:\/\/damao-tech.com\/pt\/produto\/luvas-descartaveis-biodegradaveis-ecologicas-seguras-para-alimentos\/","title":{"rendered":"Luvas Descart\u00e1veis Biodegrad\u00e1veis Ecol\u00f3gicas Seguras para Alimentos"},"content":{"rendered":"<div style=\"display:grid; grid-template-columns:repeat(2,minmax(0,1fr)); gap:16px; align-items:stretch; width:100%;\">\n<section style=\"grid-column:1 \/ -1; padding:22px; border-radius:18px; background:#f5f5f7;\">\n<p style=\"margin:0 0 10px 0; color:#6b7280; letter-spacing:0.08em; text-transform:uppercase;\">Damao<\/p>\n<h2 style=\"margin:0 0 12px 0; color:#111827;\">Luvas Descart\u00e1veis Biodegrad\u00e1veis Ecol\u00f3gicas Seguras para Alimentos<\/h2>\n<p style=\"margin:0 0 12px 0; color:#4b5563;\">Descubra nossas luvas biodegrad\u00e1veis 100%, baseadas em plantas, projetadas para seguran\u00e7a alimentar superior e responsabilidade ambiental.<\/p>\n<p style=\"margin:0 0 12px 0; color:#4b5563;\">Experimente uma prote\u00e7\u00e3o intransigente que protege suas m\u00e3os e nosso planeta.<\/p>\n<\/section>\n<section style=\"grid-column:span 1; padding:20px; border-radius:18px; background:#f5f5f7;\">\n<h3 style=\"margin:0 0 12px 0; color:#111827;\">Porque os Compradores Escolhem Isso<\/h3>\n<ul style=\"margin:0; padding-left:18px; display:grid; gap:10px; color:#4b5563;\">\n<li style=\"margin:0; padding:0;\">Superf\u00edcie gravada ou texturizada para melhor conforto e grip<\/li>\n<li style=\"margin:0; padding:0;\">Composi\u00e7\u00e3o sem l\u00e1tex para reduzir preocupa\u00e7\u00f5es com alergias<\/li>\n<li style=\"margin:0; padding:0;\">Powder-free handling for cleaner daily workflows<\/li>\n<li style=\"margin:0; padding:0;\">Orienta\u00e7\u00e3o de material ecol\u00f3gico consciente para necessidades de fornecimento de menor impacto<\/li>\n<\/ul>\n<\/section>\n<section style=\"padding:20px; border-radius:18px; background:#f5f5f7;\">\n<h3 style=\"margin:0 0 12px 0; color:#111827;\">Melhor Encaixe<\/h3>\n<ul style=\"margin:0; padding-left:18px; display:grid; gap:10px; color:#4b5563;\">\n<li style=\"margin:0; padding:0;\">Aquisi\u00e7\u00e3o focada em sustentabilidade<\/li>\n<li style=\"margin:0; padding:0;\">Necessidades de prote\u00e7\u00e3o di\u00e1ria<\/li>\n<li style=\"margin:0; padding:0;\">Uso geral descart\u00e1vel<\/li>\n<\/ul>\n<\/section>\n<section style=\"padding:20px; border-radius:18px; background:#f5f5f7;\">\n<h3 style=\"margin:0 0 12px 0; color:#111827;\">Especifica\u00e7\u00f5es R\u00e1pidas<\/h3>\n<ul style=\"margin:0; padding:0; list-style:none; display:grid; grid-template-columns:repeat(2,minmax(0,1fr)); gap:10px; align-items:stretch;\">\n<li style=\"margin:0; padding:10px 12px; border-radius:14px; background:#f5f5f7; min-height:56px; display:flex; align-items:flex-start;\">Cor: Clara<\/li>\n<li style=\"margin:0; padding:10px 12px; border-radius:14px; background:#f5f5f7; min-height:56px; display:flex; align-items:flex-start;\">Tamanhos: M\u00faltiplas op\u00e7\u00f5es de tamanho<\/li>\n<\/ul>\n<\/section>\n<section style=\"grid-column:span 1; padding:20px; border:1px solid #dbe4f0; border-radius:16px; background:linear-gradient(135deg,#f7f9fc 0%,#eef3f8 100%);\">\n<h3 style=\"margin:0 0 12px 0; color:#111827;\">Atacado &amp; OEM<\/h3>\n<p style=\"margin:0; color:#4b5563;\">A Damao apresenta este produto com uma estrutura mais clara para o comprador, enquanto suporta pedidos em grande quantidade, comunica\u00e7\u00e3o espec\u00edfica para o setor para equipes de aquisi\u00e7\u00e3o que desejam uma p\u00e1gina mais limpa e premium.<\/p>\n<\/section>\n<\/div>","protected":false},"excerpt":{"rendered":"<p><strong>Luvas Descart\u00e1veis Biodegrad\u00e1veis Ecol\u00f3gicas Seguras para Alimentos<\/strong> por Damao, projetadas para a prote\u00e7\u00e3o di\u00e1ria com um \u00e2ngulo de fornecimento focado em sustentabilidade e manuseio sem p\u00f3. Destaques incluem conforto sem l\u00e1tex, com suporte em atacado e OEM dispon\u00edvel.<\/p>","protected":false},"featured_media":8831,"comment_status":"closed","ping_status":"closed","template":"","meta":[],"product_brand":[835],"product_cat":[488,273,303],"product_tag":[],"class_list":{"0":"post-10219","1":"product","2":"type-product","3":"status-publish","4":"has-post-thumbnail","6":"product_brand-damao","7":"product_cat-biodegradable-gloves","8":"product_cat-disposable-gloves","9":"product_cat-pe-gloves","10":"sales-flash-overlay","11":"woocommerce-text-align-center","12":"woocommerce-image-align-center","13":"do-quantity-buttons","14":"wc-has-gallery","16":"first","17":"instock","18":"shipping-taxable","19":"product-type-simple"},"_links":{"self":[{"href":"https:\/\/damao-tech.com\/pt\/wp-json\/wp\/v2\/product\/10219","targetHints":{"allow":["GET"]}}],"collection":[{"href":"https:\/\/damao-tech.com\/pt\/wp-json\/wp\/v2\/product"}],"about":[{"href":"https:\/\/damao-tech.com\/pt\/wp-json\/wp\/v2\/types\/product"}],"replies":[{"embeddable":true,"href":"https:\/\/damao-tech.com\/pt\/wp-json\/wp\/v2\/comments?post=10219"}],"wp:featuredmedia":[{"embeddable":true,"href":"https:\/\/damao-tech.com\/pt\/wp-json\/wp\/v2\/media\/8831"}],"wp:attachment":[{"href":"https:\/\/damao-tech.com\/pt\/wp-json\/wp\/v2\/media?parent=10219"}],"wp:term":[{"taxonomy":"product_brand","embeddable":true,"href":"https:\/\/damao-tech.com\/pt\/wp-json\/wp\/v2\/product_brand?post=10219"},{"taxonomy":"product_cat","embeddable":true,"href":"https:\/\/damao-tech.com\/pt\/wp-json\/wp\/v2\/product_cat?post=10219"},{"taxonomy":"product_tag","embeddable":true,"href":"https:\/\/damao-tech.com\/pt\/wp-json\/wp\/v2\/product_tag?post=10219"}],"curies":[{"name":"wp","href":"https:\/\/api.w.org\/{rel}","templated":true}]}}